{"id":1173,"date":"2022-06-13T16:09:32","date_gmt":"2022-06-13T16:09:32","guid":{"rendered":"https:\/\/fewo-paterzell.de\/?page_id=1173"},"modified":"2023-09-17T17:09:07","modified_gmt":"2023-09-17T17:09:07","slug":"buchungsbedingungen","status":"publish","type":"page","link":"https:\/\/fewo-paterzell.de\/en\/buchungsbedingungen\/","title":{"rendered":"Buchungsbedingungen"},"content":{"rendered":"<div data-elementor-type=\"wp-page\" data-elementor-id=\"1173\" class=\"elementor elementor-1173\" data-elementor-post-type=\"page\">\n\t\t\t\t\t\t<section class=\"elementor-section elementor-top-section elementor-element elementor-element-2e66f3c elementor-section-boxed elementor-section-height-default elementor-section-height-default\" data-id=\"2e66f3c\" data-element_type=\"section\" data-e-type=\"section\">\n\t\t\t\t\t\t<div class=\"elementor-container elementor-column-gap-default\">\n\t\t\t\t\t<div class=\"elementor-column elementor-col-100 elementor-top-column elementor-element elementor-element-8de7292\" data-id=\"8de7292\" data-element_type=\"column\" data-e-type=\"column\">\n\t\t\t<div class=\"elementor-widget-wrap elementor-element-populated\">\n\t\t\t\t\t\t<div class=\"elementor-element elementor-element-7f121df elementor-widget elementor-widget-image\" data-id=\"7f121df\" data-element_type=\"widget\" data-e-type=\"widget\" data-widget_type=\"image.default\">\n\t\t\t\t<div class=\"elementor-widget-container\">\n\t\t\t\t\t\t\t\t\t\t\t\t\t\t\t<img fetchpriority=\"high\" decoding=\"async\" width=\"1000\" height=\"703\" src=\"https:\/\/fewo-paterzell.de\/wp-content\/uploads\/2022\/01\/Logo_transparent-1000.png\" class=\"attachment-large size-large wp-image-384\" alt=\"\" srcset=\"https:\/\/fewo-paterzell.de\/wp-content\/uploads\/2022\/01\/Logo_transparent-1000.png 1000w, https:\/\/fewo-paterzell.de\/wp-content\/uploads\/2022\/01\/Logo_transparent-1000-300x211.png 300w, https:\/\/fewo-paterzell.de\/wp-content\/uploads\/2022\/01\/Logo_transparent-1000-768x540.png 768w\" sizes=\"(max-width: 1000px) 100vw, 1000px\" \/>\t\t\t\t\t\t\t\t\t\t\t\t\t\t\t<\/div>\n\t\t\t\t<\/div>\n\t\t\t\t\t<\/div>\n\t\t<\/div>\n\t\t\t\t\t<\/div>\n\t\t<\/section>\n\t\t\t\t<section class=\"elementor-section elementor-top-section elementor-element elementor-element-4c7e269 elementor-section-boxed elementor-section-height-default elementor-section-height-default\" data-id=\"4c7e269\" data-element_type=\"section\" data-e-type=\"section\">\n\t\t\t\t\t\t<div class=\"elementor-container elementor-column-gap-default\">\n\t\t\t\t\t<div class=\"elementor-column elementor-col-100 elementor-top-column elementor-element elementor-element-0b15f66\" data-id=\"0b15f66\" data-element_type=\"column\" data-e-type=\"column\">\n\t\t\t<div class=\"elementor-widget-wrap elementor-element-populated\">\n\t\t\t\t\t\t<div class=\"elementor-element elementor-element-2c49154 elementor-widget elementor-widget-heading\" data-id=\"2c49154\" data-element_type=\"widget\" data-e-type=\"widget\" data-widget_type=\"heading.default\">\n\t\t\t\t<div class=\"elementor-widget-container\">\n\t\t\t\t\t<h1 class=\"elementor-heading-title elementor-size-default\">Buchungsbedingungen<\/h1>\t\t\t\t<\/div>\n\t\t\t\t<\/div>\n\t\t\t\t<div class=\"elementor-element elementor-element-cff701b elementor-widget elementor-widget-heading\" data-id=\"cff701b\" data-element_type=\"widget\" data-e-type=\"widget\" data-widget_type=\"heading.default\">\n\t\t\t\t<div class=\"elementor-widget-container\">\n\t\t\t\t\t<h2 class=\"elementor-heading-title elementor-size-medium\">An- und Abreise<\/h2>\t\t\t\t<\/div>\n\t\t\t\t<\/div>\n\t\t\t\t<div class=\"elementor-element elementor-element-eb57137 elementor-widget elementor-widget-text-editor\" data-id=\"eb57137\" data-element_type=\"widget\" data-e-type=\"widget\" data-widget_type=\"text-editor.default\">\n\t\t\t\t<div class=\"elementor-widget-container\">\n\t\t\t\t\t\t\t\t\t<ul><li>Am Anreisetag steht die Ferienwohnung ab 16:00 Uhr f\u00fcr die \u00dcbernahme bereit.<\/li><li>Am Abreisetag steht Ihnen die Wohnung bis 10:00 Uhr zur Verf\u00fcgung.<\/li><li>Andere Uhrzeiten f\u00fcr An- und Abreise sind nach Absprache m\u00f6glich.<\/li><li>Die Schl\u00fcssel\u00fcbergabe bei Anreise ist pers\u00f6nlich durch die Gastgeber oder kontaktlos \u00fcber die Bereitstellung in einem Schl\u00fcsselsafe m\u00f6glich.<\/li><\/ul>\t\t\t\t\t\t\t\t<\/div>\n\t\t\t\t<\/div>\n\t\t\t\t<div class=\"elementor-element elementor-element-a2d7f5e elementor-widget elementor-widget-heading\" data-id=\"a2d7f5e\" data-element_type=\"widget\" data-e-type=\"widget\" data-widget_type=\"heading.default\">\n\t\t\t\t<div class=\"elementor-widget-container\">\n\t\t\t\t\t<h2 class=\"elementor-heading-title elementor-size-default\">Stornobedingungen<\/h2>\t\t\t\t<\/div>\n\t\t\t\t<\/div>\n\t\t\t\t<div class=\"elementor-element elementor-element-ececfb0 elementor-widget elementor-widget-text-editor\" data-id=\"ececfb0\" data-element_type=\"widget\" data-e-type=\"widget\" data-widget_type=\"text-editor.default\">\n\t\t\t\t<div class=\"elementor-widget-container\">\n\t\t\t\t\t\t\t\t\t<ul><li>bis vier Wochen vor Anreise: kostenfrei<\/li><li>bis eine Woche vor Anreise: 50 % des Mietpreises\u00a0<\/li><li>sieben bis null Tage vor Anreise oder Nichtanreise: 100 % des Mietpreises\u00a0<\/li><\/ul>\t\t\t\t\t\t\t\t<\/div>\n\t\t\t\t<\/div>\n\t\t\t\t<div class=\"elementor-element elementor-element-28deef2 elementor-widget elementor-widget-heading\" data-id=\"28deef2\" data-element_type=\"widget\" data-e-type=\"widget\" data-widget_type=\"heading.default\">\n\t\t\t\t<div class=\"elementor-widget-container\">\n\t\t\t\t\t<h2 class=\"elementor-heading-title elementor-size-default\">Rabatte und Zuschl\u00e4ge<\/h2>\t\t\t\t<\/div>\n\t\t\t\t<\/div>\n\t\t\t\t<div class=\"elementor-element elementor-element-f0e3320 elementor-widget elementor-widget-text-editor\" data-id=\"f0e3320\" data-element_type=\"widget\" data-e-type=\"widget\" data-widget_type=\"text-editor.default\">\n\t\t\t\t<div class=\"elementor-widget-container\">\n\t\t\t\t\t\t\t\t\t<ul><li>In der Vorsaison (01.01. &#8211; 31.03.) und Nachsaison (01.11. &#8211; 31.12.) 10 % Rabatt auf den Gesamtbetrag<\/li><li>Bei einer Buchung zwischen 2 und 4 \u00dcbernachtungen wird ein einmaliger Aufschlag von 50,00 \u20ac erhoben.<\/li><\/ul>\t\t\t\t\t\t\t\t<\/div>\n\t\t\t\t<\/div>\n\t\t\t\t<div class=\"elementor-element elementor-element-6223e0e elementor-widget elementor-widget-heading\" data-id=\"6223e0e\" data-element_type=\"widget\" data-e-type=\"widget\" data-widget_type=\"heading.default\">\n\t\t\t\t<div class=\"elementor-widget-container\">\n\t\t\t\t\t<h2 class=\"elementor-heading-title elementor-size-default\">Buchungseinschr\u00e4nkungen<\/h2>\t\t\t\t<\/div>\n\t\t\t\t<\/div>\n\t\t\t\t<div class=\"elementor-element elementor-element-3d891f6 elementor-widget elementor-widget-text-editor\" data-id=\"3d891f6\" data-element_type=\"widget\" data-e-type=\"widget\" data-widget_type=\"text-editor.default\">\n\t\t\t\t<div class=\"elementor-widget-container\">\n\t\t\t\t\t\t\t\t\t<ul>\n<li>Minimum age of a booking guest: 21 years.<\/li>\n<li>Buchungen sind erst ab 2 \u00dcbernachtungen m\u00f6glich.<\/li><li>Haustiere d\u00fcrfen nicht mitgebracht werden.<br><\/li>\n<\/ul>\t\t\t\t\t\t\t\t<\/div>\n\t\t\t\t<\/div>\n\t\t\t\t\t<\/div>\n\t\t<\/div>\n\t\t\t\t\t<\/div>\n\t\t<\/section>\n\t\t\t\t<\/div>","protected":false},"excerpt":{"rendered":"<p>Buchungsbedingungen An- und Abreise Am Anreisetag steht die Ferienwohnung ab 16:00 Uhr f\u00fcr die \u00dcbernahme bereit. Am Abreisetag steht Ihnen die Wohnung bis 10:00 Uhr zur Verf\u00fcgung. Andere Uhrzeiten f\u00fcr An- und Abreise sind nach Absprache m\u00f6glich. Die Schl\u00fcssel\u00fcbergabe bei Anreise ist pers\u00f6nlich durch die Gastgeber oder kontaktlos \u00fcber die Bereitstellung in einem Schl\u00fcsselsafe m\u00f6glich. [&hellip;]<\/p>\n","protected":false},"author":1,"featured_media":0,"parent":0,"menu_order":0,"comment_status":"closed","ping_status":"closed","template":"","meta":{"ocean_post_layout":"full-screen","ocean_both_sidebars_style":"","ocean_both_sidebars_content_width":0,"ocean_both_sidebars_sidebars_width":0,"ocean_sidebar":"0","ocean_second_sidebar":"0","ocean_disable_margins":"enable","ocean_add_body_class":"","ocean_shortcode_before_top_bar":"","ocean_shortcode_after_top_bar":"","ocean_shortcode_before_header":"","ocean_shortcode_after_header":"","ocean_has_shortcode":"","ocean_shortcode_after_title":"","ocean_shortcode_before_footer_widgets":"","ocean_shortcode_after_footer_widgets":"","ocean_shortcode_before_footer_bottom":"","ocean_shortcode_after_footer_bottom":"","ocean_display_top_bar":"off","ocean_display_header":"off","ocean_header_style":"","ocean_center_header_left_menu":"0","ocean_custom_header_template":"0","ocean_custom_logo":0,"ocean_custom_retina_logo":0,"ocean_custom_logo_max_width":0,"ocean_custom_logo_tablet_max_width":0,"ocean_custom_logo_mobile_max_width":0,"ocean_custom_logo_max_height":0,"ocean_custom_logo_tablet_max_height":0,"ocean_custom_logo_mobile_max_height":0,"ocean_header_custom_menu":"0","ocean_menu_typo_font_family":"0","ocean_menu_typo_font_subset":"","ocean_menu_typo_font_size":0,"ocean_menu_typo_font_size_tablet":0,"ocean_menu_typo_font_size_mobile":0,"ocean_menu_typo_font_size_unit":"px","ocean_menu_typo_font_weight":"","ocean_menu_typo_font_weight_tablet":"","ocean_menu_typo_font_weight_mobile":"","ocean_menu_typo_transform":"","ocean_menu_typo_transform_tablet":"","ocean_menu_typo_transform_mobile":"","ocean_menu_typo_line_height":0,"ocean_menu_typo_line_height_tablet":0,"ocean_menu_typo_line_height_mobile":0,"ocean_menu_typo_line_height_unit":"","ocean_menu_typo_spacing":0,"ocean_menu_typo_spacing_tablet":0,"ocean_menu_typo_spacing_mobile":0,"ocean_menu_typo_spacing_unit":"","ocean_menu_link_color":"","ocean_menu_link_color_hover":"","ocean_menu_link_color_active":"","ocean_menu_link_background":"","ocean_menu_link_hover_background":"","ocean_menu_link_active_background":"","ocean_menu_social_links_bg":"","ocean_menu_social_hover_links_bg":"","ocean_menu_social_links_color":"","ocean_menu_social_hover_links_color":"","ocean_disable_title":"on","ocean_disable_heading":"default","ocean_post_title":"","ocean_post_subheading":"","ocean_post_title_style":"","ocean_post_title_background_color":"","ocean_post_title_background":0,"ocean_post_title_bg_image_position":"","ocean_post_title_bg_image_attachment":"","ocean_post_title_bg_image_repeat":"","ocean_post_title_bg_image_size":"","ocean_post_title_height":0,"ocean_post_title_bg_overlay":0.5,"ocean_post_title_bg_overlay_color":"","ocean_disable_breadcrumbs":"default","ocean_breadcrumbs_color":"","ocean_breadcrumbs_separator_color":"","ocean_breadcrumbs_links_color":"","ocean_breadcrumbs_links_hover_color":"","ocean_display_footer_widgets":"off","ocean_display_footer_bottom":"off","ocean_custom_footer_template":"0","footnotes":""},"class_list":["post-1173","page","type-page","status-publish","hentry","entry"],"aioseo_notices":[],"_links":{"self":[{"href":"https:\/\/fewo-paterzell.de\/en\/wp-json\/wp\/v2\/pages\/1173","targetHints":{"allow":["GET"]}}],"collection":[{"href":"https:\/\/fewo-paterzell.de\/en\/wp-json\/wp\/v2\/pages"}],"about":[{"href":"https:\/\/fewo-paterzell.de\/en\/wp-json\/wp\/v2\/types\/page"}],"author":[{"embeddable":true,"href":"https:\/\/fewo-paterzell.de\/en\/wp-json\/wp\/v2\/users\/1"}],"replies":[{"embeddable":true,"href":"https:\/\/fewo-paterzell.de\/en\/wp-json\/wp\/v2\/comments?post=1173"}],"version-history":[{"count":17,"href":"https:\/\/fewo-paterzell.de\/en\/wp-json\/wp\/v2\/pages\/1173\/revisions"}],"predecessor-version":[{"id":2497,"href":"https:\/\/fewo-paterzell.de\/en\/wp-json\/wp\/v2\/pages\/1173\/revisions\/2497"}],"wp:attachment":[{"href":"https:\/\/fewo-paterzell.de\/en\/wp-json\/wp\/v2\/media?parent=1173"}],"curies":[{"name":"wp","href":"https:\/\/api.w.org\/{rel}","templated":true}]}}