{"id":3422,"date":"2026-04-30T19:00:34","date_gmt":"2026-04-30T19:00:34","guid":{"rendered":"https:\/\/fewo-paterzell.de\/?page_id=3422"},"modified":"2026-04-30T19:17:52","modified_gmt":"2026-04-30T19:17:52","slug":"evis-apartment","status":"publish","type":"page","link":"https:\/\/fewo-paterzell.de\/en\/evis-apartment\/","title":{"rendered":"Evi\u00b4s Apartment"},"content":{"rendered":"<div data-elementor-type=\"wp-page\" data-elementor-id=\"3422\" class=\"elementor elementor-3422\" data-elementor-post-type=\"page\">\n\t\t\t\t\t\t<section class=\"elementor-section elementor-top-section elementor-element elementor-element-2f361e1 elementor-section-boxed elementor-section-height-default elementor-section-height-default\" data-id=\"2f361e1\" data-element_type=\"section\" data-e-type=\"section\" data-settings=\"{&quot;background_background&quot;:&quot;classic&quot;}\">\n\t\t\t\t\t\t\t<div class=\"elementor-background-overlay\"><\/div>\n\t\t\t\t\t\t\t<div class=\"elementor-container elementor-column-gap-default\">\n\t\t\t\t\t<div class=\"elementor-column elementor-col-100 elementor-top-column elementor-element elementor-element-518d12e\" data-id=\"518d12e\" data-element_type=\"column\" data-e-type=\"column\">\n\t\t\t<div class=\"elementor-widget-wrap elementor-element-populated\">\n\t\t\t\t\t\t<div class=\"elementor-element elementor-element-6a779b5 elementor-widget elementor-widget-image\" data-id=\"6a779b5\" data-element_type=\"widget\" data-e-type=\"widget\" data-widget_type=\"image.default\">\n\t\t\t\t<div class=\"elementor-widget-container\">\n\t\t\t\t\t\t\t\t\t\t\t\t\t\t\t\t<a href=\"https:\/\/fewo-paterzell.de\/en\/\">\n\t\t\t\t\t\t\t<img fetchpriority=\"high\" decoding=\"async\" width=\"492\" height=\"346\" src=\"https:\/\/fewo-paterzell.de\/wp-content\/uploads\/2021\/12\/Logo_transparent.png\" class=\"attachment-large size-large wp-image-26\" alt=\"\" srcset=\"https:\/\/fewo-paterzell.de\/wp-content\/uploads\/2021\/12\/Logo_transparent.png 492w, https:\/\/fewo-paterzell.de\/wp-content\/uploads\/2021\/12\/Logo_transparent-300x211.png 300w\" sizes=\"(max-width: 492px) 100vw, 492px\" \/>\t\t\t\t\t\t\t\t<\/a>\n\t\t\t\t\t\t\t\t\t\t\t\t\t\t\t<\/div>\n\t\t\t\t<\/div>\n\t\t\t\t<div class=\"elementor-element elementor-element-930e95d elementor-widget elementor-widget-button\" data-id=\"930e95d\" data-element_type=\"widget\" data-e-type=\"widget\" data-widget_type=\"button.default\">\n\t\t\t\t<div class=\"elementor-widget-container\">\n\t\t\t\t\t\t\t\t\t<div class=\"elementor-button-wrapper\">\n\t\t\t\t\t<a class=\"elementor-button elementor-button-link elementor-size-sm\" href=\"https:\/\/fewo-paterzell.de\/en\/\">\n\t\t\t\t\t\t<span class=\"elementor-button-content-wrapper\">\n\t\t\t\t\t\t<span class=\"elementor-button-icon\">\n\t\t\t\t<i aria-hidden=\"true\" class=\"fas fa-home\"><\/i>\t\t\t<\/span>\n\t\t\t\t\t\t\t\t\t<span class=\"elementor-button-text\">Home<\/span>\n\t\t\t\t\t<\/span>\n\t\t\t\t\t<\/a>\n\t\t\t\t<\/div>\n\t\t\t\t\t\t\t\t<\/div>\n\t\t\t\t<\/div>\n\t\t\t\t<div class=\"elementor-element elementor-element-d958566 elementor-widget elementor-widget-heading\" data-id=\"d958566\" data-element_type=\"widget\" data-e-type=\"widget\" data-widget_type=\"heading.default\">\n\t\t\t\t<div class=\"elementor-widget-container\">\n\t\t\t\t\t<h2 class=\"elementor-heading-title elementor-size-default\">Evi\u00b4s Apartment<\/h2>\t\t\t\t<\/div>\n\t\t\t\t<\/div>\n\t\t\t\t<div class=\"elementor-element elementor-element-9d71f2f elementor-button-info elementor-align-center elementor-widget elementor-widget-button\" data-id=\"9d71f2f\" data-element_type=\"widget\" data-e-type=\"widget\" data-widget_type=\"button.default\">\n\t\t\t\t<div class=\"elementor-widget-container\">\n\t\t\t\t\t\t\t\t\t<div class=\"elementor-button-wrapper\">\n\t\t\t\t\t<a class=\"elementor-button elementor-button-link elementor-size-sm\" href=\"https:\/\/fewo-paterzell.de\/en\/buchung-evis-apartment\/\">\n\t\t\t\t\t\t<span class=\"elementor-button-content-wrapper\">\n\t\t\t\t\t\t<span class=\"elementor-button-icon\">\n\t\t\t\t<i aria-hidden=\"true\" class=\"far fa-paper-plane\"><\/i>\t\t\t<\/span>\n\t\t\t\t\t\t\t\t\t<span class=\"elementor-button-text\">Zur Buchung<\/span>\n\t\t\t\t\t<\/span>\n\t\t\t\t\t<\/a>\n\t\t\t\t<\/div>\n\t\t\t\t\t\t\t\t<\/div>\n\t\t\t\t<\/div>\n\t\t\t\t\t<\/div>\n\t\t<\/div>\n\t\t\t\t\t<\/div>\n\t\t<\/section>\n\t\t\t\t<section class=\"elementor-section elementor-top-section elementor-element elementor-element-e969250 elementor-section-boxed elementor-section-height-default elementor-section-height-default\" data-id=\"e969250\" data-element_type=\"section\" data-e-type=\"section\" data-settings=\"{&quot;background_background&quot;:&quot;classic&quot;}\">\n\t\t\t\t\t\t\t<div class=\"elementor-background-overlay\"><\/div>\n\t\t\t\t\t\t\t<div class=\"elementor-container elementor-column-gap-default\">\n\t\t\t\t\t<div class=\"elementor-column elementor-col-100 elementor-top-column elementor-element elementor-element-52e45e1\" data-id=\"52e45e1\" data-element_type=\"column\" data-e-type=\"column\">\n\t\t\t<div class=\"elementor-widget-wrap elementor-element-populated\">\n\t\t\t\t\t\t<div class=\"elementor-element elementor-element-7d34f84 elementor-arrows-position-inside elementor-pagination-position-outside elementor-widget elementor-widget-image-carousel\" data-id=\"7d34f84\" data-element_type=\"widget\" data-e-type=\"widget\" data-settings=\"{&quot;slides_to_scroll&quot;:&quot;3&quot;,&quot;navigation&quot;:&quot;both&quot;,&quot;autoplay&quot;:&quot;yes&quot;,&quot;pause_on_hover&quot;:&quot;yes&quot;,&quot;pause_on_interaction&quot;:&quot;yes&quot;,&quot;autoplay_speed&quot;:5000,&quot;infinite&quot;:&quot;yes&quot;,&quot;speed&quot;:500}\" data-widget_type=\"image-carousel.default\">\n\t\t\t\t<div class=\"elementor-widget-container\">\n\t\t\t\t\t\t\t<div class=\"elementor-image-carousel-wrapper swiper\" role=\"region\" aria-roledescription=\"carousel\" aria-label=\"Evi\u00b4s Apartment\" dir=\"ltr\">\n\t\t\t<div class=\"elementor-image-carousel swiper-wrapper\" aria-live=\"off\">\n\t\t\t\t\t\t\t\t<div class=\"swiper-slide\" role=\"group\" aria-roledescription=\"slide\" aria-label=\"1 von 2\"><a data-elementor-open-lightbox=\"yes\" data-elementor-lightbox-slideshow=\"7d34f84\" data-elementor-lightbox-title=\"IMG_0194\" data-e-action-hash=\"#elementor-action%3Aaction%3Dlightbox%26settings%3DeyJpZCI6Mjg1MSwidXJsIjoiaHR0cHM6XC9cL2Zld28tcGF0ZXJ6ZWxsLmRlXC93cC1jb250ZW50XC91cGxvYWRzXC8yMDI0XC8wNlwvSU1HXzAxOTQtMi5qcGVnIiwic2xpZGVzaG93IjoiN2QzNGY4NCJ9\" href=\"https:\/\/fewo-paterzell.de\/wp-content\/uploads\/2024\/06\/IMG_0194-2.jpeg\"><figure class=\"swiper-slide-inner\"><img decoding=\"async\" class=\"swiper-slide-image\" src=\"https:\/\/fewo-paterzell.de\/wp-content\/uploads\/2024\/06\/IMG_0194-2.jpeg\" alt=\"tolle Abenteuer gratis\" \/><figcaption class=\"elementor-image-carousel-caption\">tolle Abenteuer gratis<\/figcaption><\/figure><\/a><\/div><div class=\"swiper-slide\" role=\"group\" aria-roledescription=\"slide\" aria-label=\"2 von 2\"><a data-elementor-open-lightbox=\"yes\" data-elementor-lightbox-slideshow=\"7d34f84\" data-elementor-lightbox-title=\"IMG_0194\" data-e-action-hash=\"#elementor-action%3Aaction%3Dlightbox%26settings%3DeyJpZCI6Mjg1MywidXJsIjoiaHR0cHM6XC9cL2Zld28tcGF0ZXJ6ZWxsLmRlXC93cC1jb250ZW50XC91cGxvYWRzXC8yMDI0XC8wNlwvSU1HXzAxOTQtMy5qcGVnIiwic2xpZGVzaG93IjoiN2QzNGY4NCJ9\" href=\"https:\/\/fewo-paterzell.de\/wp-content\/uploads\/2024\/06\/IMG_0194-3.jpeg\"><figure class=\"swiper-slide-inner\"><img decoding=\"async\" class=\"swiper-slide-image\" src=\"https:\/\/fewo-paterzell.de\/wp-content\/uploads\/2024\/06\/IMG_0194-3.jpeg\" alt=\"gratis in tolle Museen\" \/><figcaption class=\"elementor-image-carousel-caption\">gratis in tolle Museen<\/figcaption><\/figure><\/a><\/div>\t\t\t<\/div>\n\t\t\t\t\t\t\t\t\t\t\t\t<div class=\"elementor-swiper-button elementor-swiper-button-prev\" role=\"button\" tabindex=\"0\">\n\t\t\t\t\t\t<i aria-hidden=\"true\" class=\"eicon-chevron-left\"><\/i>\t\t\t\t\t<\/div>\n\t\t\t\t\t<div class=\"elementor-swiper-button elementor-swiper-button-next\" role=\"button\" tabindex=\"0\">\n\t\t\t\t\t\t<i aria-hidden=\"true\" class=\"eicon-chevron-right\"><\/i>\t\t\t\t\t<\/div>\n\t\t\t\t\n\t\t\t\t\t\t\t\t\t<div class=\"swiper-pagination\"><\/div>\n\t\t\t\t\t\t\t\t\t<\/div>\n\t\t\t\t\t\t<\/div>\n\t\t\t\t<\/div>\n\t\t\t\t<div class=\"elementor-element elementor-element-4519b5a elementor-widget elementor-widget-text-editor\" data-id=\"4519b5a\" data-element_type=\"widget\" data-e-type=\"widget\" data-widget_type=\"text-editor.default\">\n\t\t\t\t<div class=\"elementor-widget-container\">\n\t\t\t\t\t\t\t\t\t<p>\u00a0<\/p><div id=\"simple-translate\" class=\"simple-translate-system-theme\"><div><div class=\"simple-translate-button isShow\" style=\"background-image: url('chrome-extension:\/\/cllnohpbfenopiakdcjmjcbaeapmkcdl\/icons\/512.png'); height: 22px; width: 22px; top: -40px; left: -147px;\">\u00a0<\/div><div class=\"simple-translate-panel\" style=\"width: 300px; height: 200px; top: 0px; left: 0px; font-size: 13px;\"><div class=\"simple-translate-result-wrapper\" style=\"overflow: hidden;\"><div class=\"simple-translate-move\" draggable=\"true\">\u00a0<\/div><div class=\"simple-translate-result-contents\"><p class=\"simple-translate-result\" dir=\"auto\">\u00a0<\/p><p class=\"simple-translate-candidate\" dir=\"auto\">\u00a0<\/p><\/div><\/div><\/div><\/div><\/div>\t\t\t\t\t\t\t\t<\/div>\n\t\t\t\t<\/div>\n\t\t\t\t<div class=\"elementor-element elementor-element-a875287 elementor-widget elementor-widget-text-editor\" data-id=\"a875287\" data-element_type=\"widget\" data-e-type=\"widget\" data-widget_type=\"text-editor.default\">\n\t\t\t\t<div class=\"elementor-widget-container\">\n\t\t\t\t\t\t\t\t\t<h2 style=\"text-align: center;\"><strong>Bis zwei Personen berechnen wir pro \u00dcbernachtung 165,85 \u20ac (inkl. 7 % MwSt.), <br \/><\/strong><strong>jeder weitere Gast 32,10 \u20ac (inkl. 7 % MwSt.) Hund 10,70 \u20ac <\/strong><strong>(inkl. 7 % MwSt.)<\/strong>.<\/h2><h2 style=\"text-align: center;\"><strong>Buchungen ab f\u00fcnf \u00dcbernachtungen m\u00f6glich.<\/strong><strong><br \/>Dankesch\u00f6n f\u00fcr Ihr Verst\u00e4ndnis.<\/strong><\/h2><h2 style=\"text-align: center;\">F\u00fcr Tage in der Hauptsaison<br \/>Ab 7 \u00dcbernachtungen &#8211; 10 % Rabatt<br \/>Ab 14 \u00dcbernachtungen &#8211; 15 % Rabatt<\/h2><h2 style=\"text-align: center;\">F\u00fcr Tage in der Nebensaison<br \/>von 01.11. bis 31.03. &#8211; 20 % Rabatt<\/h2><h2 style=\"text-align: center;\">Kostenfreier<strong> WLAN Zugang: <span style=\"color: #0000ff;\">Glasfasertechnik 1 Gbit\ud83d\ude01<\/span><\/strong><br \/><strong><br \/>Endreinigung inklusive<\/strong><\/h2><h2 style=\"text-align: center;\"><strong>Insektengitter an fast allen Fenstern und T\u00fcren<\/strong><\/h2><h2 style=\"text-align: center;\"><strong>New kitchen with new electrical appliances, microwave, dishwasher (with tabs and salt) and fridge-freezer<\/strong><br \/><strong><br \/>2 Schlafr\u00e4ume mit hochwertigem Polster-Doppelbett 180 cm x 200 cm<\/strong><\/h2><h2 style=\"text-align: center;\"><strong>2 Schlafr\u00e4ume mit zwei Einzelbetten 90 cm x 200 cm<\/strong><br \/><strong><br \/>1 Bad mit walk-In Dusche, Toilette und Waschbecken<\/strong><br \/><strong>1 Bad mit Badewanne, walk-In Dusche, Toilette und zwei Waschbecken<\/strong><\/h2><h2 style=\"text-align: center;\"><strong>Own equipped utility room with washer\/dryer, drying rack, ironing board and iron<\/strong><br \/><strong><br \/>Key safe for contactless arrival and departure<\/strong><\/h2><h2 style=\"text-align: center;\"><strong>Eigener Hauseingang, zwei Balkone, \u00fcberdachter Freisitz, Garten sowie beleuchtete gro\u00dfz\u00fcgige Stellpl\u00e4tze direkt gegen\u00fcber<\/strong><br \/><strong><br \/>Information material excursion destinations, games and books<\/strong><\/h2><h2 style=\"text-align: center;\"><strong>Cot, bed linen and high chair available free of charge<\/strong><\/h2><h2 style=\"text-align: center;\"><strong>Die Ferienwohnung &#8222;Panoramablick&#8220; ist ausgestattet f\u00fcr bis zu 8 Personen + 1 Kleinkind. (Kinder bis 1 Jahr sind bei uns frei).<\/strong><\/h2><h2 style=\"text-align: center;\"><strong>Zahlung per Paypal oder \u00dcberweisung m\u00f6glich.<\/strong><\/h2><h2 style=\"text-align: center;\"><strong>Stornobedingungen:<\/strong><br \/><strong>bis vier Wochen vor Anreise: kostenfrei <\/strong><br \/><strong>bis eine Woche vor Anreise: 50 % des Mietpreises <\/strong><br \/><strong>sieben bis null Tage vor Anreise oder Nichtanreise: 100 % des Mietpreises.<\/strong><\/h2><h2 style=\"text-align: center;\"><strong>Minimum age of a booking guest: 21 years.<\/strong><\/h2><h2 style=\"text-align: center;\"><strong>If you have any questions, please send us a message.<\/strong><\/h2>\t\t\t\t\t\t\t\t<\/div>\n\t\t\t\t<\/div>\n\t\t\t\t<div class=\"elementor-element elementor-element-7051dc2 elementor-widget elementor-widget-text-editor\" data-id=\"7051dc2\" data-element_type=\"widget\" data-e-type=\"widget\" data-widget_type=\"text-editor.default\">\n\t\t\t\t<div class=\"elementor-widget-container\">\n\t\t\t\t\t\t\t\t\t<p>\u00a0<\/p><div id=\"simple-translate\" class=\"simple-translate-system-theme\"><div><div class=\"simple-translate-button isShow\" style=\"background-image: url('chrome-extension:\/\/cllnohpbfenopiakdcjmjcbaeapmkcdl\/icons\/512.png'); height: 22px; width: 22px; top: -102px; left: -597px;\">\u00a0<\/div><div class=\"simple-translate-panel\" style=\"width: 300px; height: 200px; top: 0px; left: 0px; font-size: 13px;\"><div class=\"simple-translate-result-wrapper\" style=\"overflow: hidden;\"><div class=\"simple-translate-move\" draggable=\"true\">\u00a0<\/div><div class=\"simple-translate-result-contents\"><p class=\"simple-translate-result\" dir=\"auto\">\u00a0<\/p><p class=\"simple-translate-candidate\" dir=\"auto\">\u00a0<\/p><\/div><\/div><\/div><\/div><\/div>\t\t\t\t\t\t\t\t<\/div>\n\t\t\t\t<\/div>\n\t\t\t\t\t<\/div>\n\t\t<\/div>\n\t\t\t\t\t<\/div>\n\t\t<\/section>\n\t\t\t\t<section class=\"elementor-section elementor-top-section elementor-element elementor-element-836b49c elementor-section-boxed elementor-section-height-default elementor-section-height-default\" data-id=\"836b49c\" data-element_type=\"section\" data-e-type=\"section\" data-settings=\"{&quot;background_background&quot;:&quot;classic&quot;}\">\n\t\t\t\t\t\t\t<div class=\"elementor-background-overlay\"><\/div>\n\t\t\t\t\t\t\t<div class=\"elementor-container elementor-column-gap-default\">\n\t\t\t\t\t<div class=\"elementor-column elementor-col-33 elementor-top-column elementor-element elementor-element-6ddf1b3\" data-id=\"6ddf1b3\" data-element_type=\"column\" data-e-type=\"column\">\n\t\t\t<div class=\"elementor-widget-wrap elementor-element-populated\">\n\t\t\t\t\t\t<div class=\"elementor-element elementor-element-94cde38 elementor-align-center elementor-widget elementor-widget-button\" data-id=\"94cde38\" data-element_type=\"widget\" data-e-type=\"widget\" data-widget_type=\"button.default\">\n\t\t\t\t<div class=\"elementor-widget-container\">\n\t\t\t\t\t\t\t\t\t<div class=\"elementor-button-wrapper\">\n\t\t\t\t\t<a class=\"elementor-button elementor-button-link elementor-size-sm\" href=\"https:\/\/fewo-paterzell.de\/en\/kontakt\/\">\n\t\t\t\t\t\t<span class=\"elementor-button-content-wrapper\">\n\t\t\t\t\t\t<span class=\"elementor-button-icon\">\n\t\t\t\t<i aria-hidden=\"true\" class=\"far fa-envelope\"><\/i>\t\t\t<\/span>\n\t\t\t\t\t\t\t\t\t<span class=\"elementor-button-text\">Contact<\/span>\n\t\t\t\t\t<\/span>\n\t\t\t\t\t<\/a>\n\t\t\t\t<\/div>\n\t\t\t\t\t\t\t\t<\/div>\n\t\t\t\t<\/div>\n\t\t\t\t\t<\/div>\n\t\t<\/div>\n\t\t\t\t<div class=\"elementor-column elementor-col-33 elementor-top-column elementor-element elementor-element-fcbbd7a\" data-id=\"fcbbd7a\" data-element_type=\"column\" data-e-type=\"column\">\n\t\t\t<div class=\"elementor-widget-wrap elementor-element-populated\">\n\t\t\t\t\t\t<section class=\"elementor-section elementor-inner-section elementor-element elementor-element-74db5d2 elementor-section-boxed elementor-section-height-default elementor-section-height-default\" data-id=\"74db5d2\" data-element_type=\"section\" data-e-type=\"section\">\n\t\t\t\t\t\t<div class=\"elementor-container elementor-column-gap-default\">\n\t\t\t\t\t<div class=\"elementor-column elementor-col-50 elementor-inner-column elementor-element elementor-element-596cfef\" data-id=\"596cfef\" data-element_type=\"column\" data-e-type=\"column\">\n\t\t\t<div class=\"elementor-widget-wrap elementor-element-populated\">\n\t\t\t\t\t\t<div class=\"elementor-element elementor-element-006e0fc elementor-widget elementor-widget-heading\" data-id=\"006e0fc\" data-element_type=\"widget\" data-e-type=\"widget\" data-widget_type=\"heading.default\">\n\t\t\t\t<div class=\"elementor-widget-container\">\n\t\t\t\t\t<h2 class=\"elementor-heading-title elementor-size-default\"><a href=\"http:\/\/fewo-paterzell.de\/en\/impressum\/\">imprint<\/a><\/h2>\t\t\t\t<\/div>\n\t\t\t\t<\/div>\n\t\t\t\t\t<\/div>\n\t\t<\/div>\n\t\t\t\t<div class=\"elementor-column elementor-col-50 elementor-inner-column elementor-element elementor-element-ec95bad\" data-id=\"ec95bad\" data-element_type=\"column\" data-e-type=\"column\">\n\t\t\t<div class=\"elementor-widget-wrap elementor-element-populated\">\n\t\t\t\t\t\t<div class=\"elementor-element elementor-element-f29fc0b elementor-widget elementor-widget-heading\" data-id=\"f29fc0b\" data-element_type=\"widget\" data-e-type=\"widget\" data-widget_type=\"heading.default\">\n\t\t\t\t<div class=\"elementor-widget-container\">\n\t\t\t\t\t<h2 class=\"elementor-heading-title elementor-size-default\"><a href=\"http:\/\/fewo-paterzell.de\/en\/privacy-policy\/\">privacy<\/a><\/h2>\t\t\t\t<\/div>\n\t\t\t\t<\/div>\n\t\t\t\t\t<\/div>\n\t\t<\/div>\n\t\t\t\t\t<\/div>\n\t\t<\/section>\n\t\t\t\t\t<\/div>\n\t\t<\/div>\n\t\t\t\t<div class=\"elementor-column elementor-col-33 elementor-top-column elementor-element elementor-element-b8e355d\" data-id=\"b8e355d\" data-element_type=\"column\" data-e-type=\"column\">\n\t\t\t<div class=\"elementor-widget-wrap elementor-element-populated\">\n\t\t\t\t\t\t<div class=\"elementor-element elementor-element-a0566e0 elementor-align-center elementor-widget elementor-widget-button\" data-id=\"a0566e0\" data-element_type=\"widget\" data-e-type=\"widget\" data-widget_type=\"button.default\">\n\t\t\t\t<div class=\"elementor-widget-container\">\n\t\t\t\t\t\t\t\t\t<div class=\"elementor-button-wrapper\">\n\t\t\t\t\t<a class=\"elementor-button elementor-button-link elementor-size-sm\" href=\"https:\/\/fewo-paterzell.de\/en\/gaestebuch\/\">\n\t\t\t\t\t\t<span class=\"elementor-button-content-wrapper\">\n\t\t\t\t\t\t<span class=\"elementor-button-icon\">\n\t\t\t\t<i aria-hidden=\"true\" class=\"far fa-keyboard\"><\/i>\t\t\t<\/span>\n\t\t\t\t\t\t\t\t\t<span class=\"elementor-button-text\">guest book<\/span>\n\t\t\t\t\t<\/span>\n\t\t\t\t\t<\/a>\n\t\t\t\t<\/div>\n\t\t\t\t\t\t\t\t<\/div>\n\t\t\t\t<\/div>\n\t\t\t\t\t<\/div>\n\t\t<\/div>\n\t\t\t\t\t<\/div>\n\t\t<\/section>\n\t\t\t\t<\/div>","protected":false},"excerpt":{"rendered":"<p>Home Evi\u00b4s Apartment Zur Buchung tolle Abenteuer gratis gratis in tolle Museen \u00a0 \u00a0\u00a0 \u00a0 \u00a0 Bis zwei Personen berechnen wir pro \u00dcbernachtung 165,85 \u20ac (inkl. 7 % MwSt.), jeder weitere Gast 32,10 \u20ac (inkl. 7 % MwSt.) Hund 10,70 \u20ac (inkl. 7 % MwSt.). Buchungen ab f\u00fcnf \u00dcbernachtungen m\u00f6glich.Dankesch\u00f6n f\u00fcr Ihr Verst\u00e4ndnis. F\u00fcr Tage [&hellip;]<\/p>\n","protected":false},"author":1,"featured_media":0,"parent":0,"menu_order":0,"comment_status":"closed","ping_status":"closed","template":"","meta":{"ocean_post_layout":"","ocean_both_sidebars_style":"","ocean_both_sidebars_content_width":0,"ocean_both_sidebars_sidebars_width":0,"ocean_sidebar":"","ocean_second_sidebar":"","ocean_disable_margins":"enable","ocean_add_body_class":"","ocean_shortcode_before_top_bar":"","ocean_shortcode_after_top_bar":"","ocean_shortcode_before_header":"","ocean_shortcode_after_header":"","ocean_has_shortcode":"","ocean_shortcode_after_title":"","ocean_shortcode_before_footer_widgets":"","ocean_shortcode_after_footer_widgets":"","ocean_shortcode_before_footer_bottom":"","ocean_shortcode_after_footer_bottom":"","ocean_display_top_bar":"off","ocean_display_header":"off","ocean_header_style":"","ocean_center_header_left_menu":"","ocean_custom_header_template":"","ocean_custom_logo":0,"ocean_custom_retina_logo":0,"ocean_custom_logo_max_width":0,"ocean_custom_logo_tablet_max_width":0,"ocean_custom_logo_mobile_max_width":0,"ocean_custom_logo_max_height":0,"ocean_custom_logo_tablet_max_height":0,"ocean_custom_logo_mobile_max_height":0,"ocean_header_custom_menu":"","ocean_menu_typo_font_family":"","ocean_menu_typo_font_subset":"","ocean_menu_typo_font_size":0,"ocean_menu_typo_font_size_tablet":0,"ocean_menu_typo_font_size_mobile":0,"ocean_menu_typo_font_size_unit":"px","ocean_menu_typo_font_weight":"","ocean_menu_typo_font_weight_tablet":"","ocean_menu_typo_font_weight_mobile":"","ocean_menu_typo_transform":"","ocean_menu_typo_transform_tablet":"","ocean_menu_typo_transform_mobile":"","ocean_menu_typo_line_height":0,"ocean_menu_typo_line_height_tablet":0,"ocean_menu_typo_line_height_mobile":0,"ocean_menu_typo_line_height_unit":"","ocean_menu_typo_spacing":0,"ocean_menu_typo_spacing_tablet":0,"ocean_menu_typo_spacing_mobile":0,"ocean_menu_typo_spacing_unit":"","ocean_menu_link_color":"","ocean_menu_link_color_hover":"","ocean_menu_link_color_active":"","ocean_menu_link_background":"","ocean_menu_link_hover_background":"","ocean_menu_link_active_background":"","ocean_menu_social_links_bg":"","ocean_menu_social_hover_links_bg":"","ocean_menu_social_links_color":"","ocean_menu_social_hover_links_color":"","ocean_disable_title":"on","ocean_disable_heading":"default","ocean_post_title":"","ocean_post_subheading":"","ocean_post_title_style":"","ocean_post_title_background_color":"","ocean_post_title_background":0,"ocean_post_title_bg_image_position":"","ocean_post_title_bg_image_attachment":"","ocean_post_title_bg_image_repeat":"","ocean_post_title_bg_image_size":"","ocean_post_title_height":0,"ocean_post_title_bg_overlay":0.5,"ocean_post_title_bg_overlay_color":"","ocean_disable_breadcrumbs":"default","ocean_breadcrumbs_color":"","ocean_breadcrumbs_separator_color":"","ocean_breadcrumbs_links_color":"","ocean_breadcrumbs_links_hover_color":"","ocean_display_footer_widgets":"off","ocean_display_footer_bottom":"off","ocean_custom_footer_template":"","footnotes":""},"class_list":["post-3422","page","type-page","status-publish","hentry","entry"],"aioseo_notices":[],"_links":{"self":[{"href":"https:\/\/fewo-paterzell.de\/en\/wp-json\/wp\/v2\/pages\/3422","targetHints":{"allow":["GET"]}}],"collection":[{"href":"https:\/\/fewo-paterzell.de\/en\/wp-json\/wp\/v2\/pages"}],"about":[{"href":"https:\/\/fewo-paterzell.de\/en\/wp-json\/wp\/v2\/types\/page"}],"author":[{"embeddable":true,"href":"https:\/\/fewo-paterzell.de\/en\/wp-json\/wp\/v2\/users\/1"}],"replies":[{"embeddable":true,"href":"https:\/\/fewo-paterzell.de\/en\/wp-json\/wp\/v2\/comments?post=3422"}],"version-history":[{"count":13,"href":"https:\/\/fewo-paterzell.de\/en\/wp-json\/wp\/v2\/pages\/3422\/revisions"}],"predecessor-version":[{"id":3452,"href":"https:\/\/fewo-paterzell.de\/en\/wp-json\/wp\/v2\/pages\/3422\/revisions\/3452"}],"wp:attachment":[{"href":"https:\/\/fewo-paterzell.de\/en\/wp-json\/wp\/v2\/media?parent=3422"}],"curies":[{"name":"wp","href":"https:\/\/api.w.org\/{rel}","templated":true}]}}